{"id":17,"date":"2020-01-22T06:34:26","date_gmt":"2020-01-22T06:34:26","guid":{"rendered":"https:\/\/jupiterx.artbees.net\/ngo\/?page_id=17"},"modified":"2021-01-02T17:47:10","modified_gmt":"2021-01-02T17:47:10","slug":"home","status":"publish","type":"page","link":"https:\/\/motylarnia.org\/","title":{"rendered":"START"},"content":{"rendered":"\t\t<div data-elementor-type=\"wp-page\" data-elementor-id=\"17\" class=\"elementor elementor-17\">\n\t\t\t\t\t\t<section class=\"elementor-section elementor-top-section elementor-element elementor-element-936b412 elementor-section-boxed elementor-section-height-default elementor-section-height-default\" data-id=\"936b412\" data-element_type=\"section\" data-settings=\"{&quot;background_background&quot;:&quot;classic&quot;}\">\n\t\t\t\t\t\t\t<div class=\"elementor-background-overlay\"><\/div>\n\t\t\t\t\t\t\t<div class=\"elementor-container elementor-column-gap-no\">\n\t\t\t\t\t<div class=\"elementor-column elementor-col-100 elementor-top-column elementor-element elementor-element-f559ba5\" data-id=\"f559ba5\" data-element_type=\"column\">\n\t\t\t<div class=\"elementor-widget-wrap elementor-element-populated\">\n\t\t\t\t\t\t<div class=\"elementor-element elementor-element-9218ae8 elementor-widget elementor-widget-heading\" data-id=\"9218ae8\" data-element_type=\"widget\" data-widget_type=\"heading.default\">\n\t\t\t\t<div class=\"elementor-widget-container\">\n\t\t\t\t\t<h2 class=\"elementor-heading-title elementor-size-default\">NAJWI\u0118KSZ\u0104 WARTO\u015aCI\u0104 JEST ROZW\u00d3J<\/h2>\t\t\t\t<\/div>\n\t\t\t\t<\/div>\n\t\t\t\t\t<\/div>\n\t\t<\/div>\n\t\t\t\t\t<\/div>\n\t\t<\/section>\n\t\t\t\t<section class=\"elementor-section elementor-top-section elementor-element elementor-element-0bf3d4f elementor-section-boxed elementor-section-height-default elementor-section-height-default\" data-id=\"0bf3d4f\" data-element_type=\"section\">\n\t\t\t\t\t\t<div class=\"elementor-container elementor-column-gap-no\">\n\t\t\t\t\t<div class=\"elementor-column elementor-col-100 elementor-top-column elementor-element elementor-element-01485ae\" data-id=\"01485ae\" data-element_type=\"column\">\n\t\t\t<div class=\"elementor-widget-wrap elementor-element-populated\">\n\t\t\t\t\t\t<div class=\"elementor-element elementor-element-a79e3fb elementor-widget elementor-widget-heading\" data-id=\"a79e3fb\" data-element_type=\"widget\" data-widget_type=\"heading.default\">\n\t\t\t\t<div class=\"elementor-widget-container\">\n\t\t\t\t\t<h2 class=\"elementor-heading-title elementor-size-default\">AKTUALNE PROJEKTY<\/h2>\t\t\t\t<\/div>\n\t\t\t\t<\/div>\n\t\t\t\t<div class=\"elementor-element elementor-element-73e643b elementor-widget elementor-widget-spacer\" data-id=\"73e643b\" data-element_type=\"widget\" data-widget_type=\"spacer.default\">\n\t\t\t\t<div class=\"elementor-widget-container\">\n\t\t\t\t\t\t\t<div class=\"elementor-spacer\">\n\t\t\t<div class=\"elementor-spacer-inner\"><\/div>\n\t\t<\/div>\n\t\t\t\t\t\t<\/div>\n\t\t\t\t<\/div>\n\t\t\t\t<div class=\"elementor-element elementor-element-f16b6a3 raven-hover-scale-down elementor-widget elementor-widget-raven-posts\" data-id=\"f16b6a3\" data-element_type=\"widget\" data-settings=\"{&quot;query_posts_per_page&quot;:3,&quot;classic_layout&quot;:&quot;masonry&quot;,&quot;_skin&quot;:&quot;classic&quot;,&quot;classic_columns&quot;:&quot;3&quot;,&quot;classic_columns_tablet&quot;:&quot;2&quot;,&quot;classic_columns_mobile&quot;:&quot;1&quot;,&quot;query_offset&quot;:0}\" data-widget_type=\"raven-posts.classic\">\n\t\t\t\t<div class=\"elementor-widget-container\">\n\t\t\t\t\t\t\t<div class=\"raven-posts raven-masonry raven-masonry-3 raven-masonry-mobile-1 raven-masonry-tablet-2\" data-post-id=\"17\" data-archive-query=\"\" data-lang=\"\">\r\n\t\t\t\t<div class=\"raven-masonry-item raven-post-item post-1409 post type-post status-publish format-standard hentry category-uncategorized\">\r\n\t\t\t<div class=\"raven-post\">\r\n\t\t\t\t\t\t\t\t<div class=\"raven-post-content\">\r\n\t\t\t\t\t<h3 class=\"raven-post-title\"><a class=\"raven-post-title-link\" href=\"https:\/\/motylarnia.org\/index.php\/2024\/02\/06\/byc-soba-czuc-sie-bezpiecznie-2023-r\/\">BY\u0106 SOB\u0104 \u2013 CZU\u0106 SI\u0118 BEZPIECZNIE 2023 r.<\/a><\/h3><div class=\"raven-post-excerpt\"><\/div>\t\t\t\t<\/div>\r\n\t\t\t<\/div>\r\n\t\t<\/div>\r\n\t\t\t\t<div class=\"raven-masonry-item raven-post-item post-755 post type-post status-publish format-standard has-post-thumbnail hentry category-uncategorized\">\r\n\t\t\t<div class=\"raven-post\">\r\n\t\t\t\t\t\t<div class=\"raven-post-image-wrap\">\r\n\t\t\t<a class=\"raven-post-image\" href=\"https:\/\/motylarnia.org\/index.php\/2020\/12\/31\/akademia-rownosci-i-roznorodnosci-czesc-i-cykl-szkolen-dla-kadry-edukacji-formalnej-i-pozaformalnej\/\"><img fetchpriority=\"high\" decoding=\"async\" width=\"1024\" height=\"239\" src=\"https:\/\/motylarnia.org\/wp-content\/uploads\/2020\/12\/logotyp-1024x239.jpg\" class=\"attachment-large size-large wp-image-763\" alt=\"\" srcset=\"https:\/\/motylarnia.org\/wp-content\/uploads\/2020\/12\/logotyp-1024x239.jpg 1024w, https:\/\/motylarnia.org\/wp-content\/uploads\/2020\/12\/logotyp-300x70.jpg 300w, https:\/\/motylarnia.org\/wp-content\/uploads\/2020\/12\/logotyp-768x179.jpg 768w, https:\/\/motylarnia.org\/wp-content\/uploads\/2020\/12\/logotyp.jpg 1040w\" sizes=\"(max-width: 1024px) 100vw, 1024px\" \/> <span class=\"raven-post-image-overlay\"><\/span><\/a>\t\t<\/div>\r\n\t\t\t\t\t\t<div class=\"raven-post-content\">\r\n\t\t\t\t\t<h3 class=\"raven-post-title\"><a class=\"raven-post-title-link\" href=\"https:\/\/motylarnia.org\/index.php\/2020\/12\/31\/akademia-rownosci-i-roznorodnosci-czesc-i-cykl-szkolen-dla-kadry-edukacji-formalnej-i-pozaformalnej\/\">AKADEMIA R\u00d3WNO\u015aCI I R\u00d3\u017bNORODNO\u015aCI. Cz\u0119\u015b\u0107 I. Cykl szkole\u0144 dla kadry edukacji formalnej i pozaformalnej<\/a><\/h3><div class=\"raven-post-excerpt\">Previous Next POBIERZ RAPORT POBIERZ ANEKS AKADEMIA R\u00d3WNO\u015aCI I R\u00d3\u017bNORODNO\u015aCI to kompleksowe szkolenie kadry, pracuj\u0105cej z dzie\u0107mi i m\u0142odzie\u017c\u0105 w<\/div>\t\t\t\t<\/div>\r\n\t\t\t<\/div>\r\n\t\t<\/div>\r\n\t\t\t\t<div class=\"raven-masonry-item raven-post-item post-706 post type-post status-publish format-standard has-post-thumbnail hentry category-uncategorized\">\r\n\t\t\t<div class=\"raven-post\">\r\n\t\t\t\t\t\t<div class=\"raven-post-image-wrap\">\r\n\t\t\t<a class=\"raven-post-image\" href=\"https:\/\/motylarnia.org\/index.php\/2020\/12\/31\/wzrastanie-poprzez-artedzialanie-inspirujace-spotkania-w-ramach-poznanskich-dni-rodziny-2020\/\"><img decoding=\"async\" width=\"880\" height=\"1024\" src=\"https:\/\/motylarnia.org\/wp-content\/uploads\/2020\/12\/blok-rysunkowy-karty-kolorowe.jpg\" class=\"attachment-large size-large wp-image-707\" alt=\"\" srcset=\"https:\/\/motylarnia.org\/wp-content\/uploads\/2020\/12\/blok-rysunkowy-karty-kolorowe.jpg 880w, https:\/\/motylarnia.org\/wp-content\/uploads\/2020\/12\/blok-rysunkowy-karty-kolorowe-258x300.jpg 258w, https:\/\/motylarnia.org\/wp-content\/uploads\/2020\/12\/blok-rysunkowy-karty-kolorowe-768x894.jpg 768w\" sizes=\"(max-width: 880px) 100vw, 880px\" \/> <span class=\"raven-post-image-overlay\"><\/span><\/a>\t\t<\/div>\r\n\t\t\t\t\t\t<div class=\"raven-post-content\">\r\n\t\t\t\t\t<h3 class=\"raven-post-title\"><a class=\"raven-post-title-link\" href=\"https:\/\/motylarnia.org\/index.php\/2020\/12\/31\/wzrastanie-poprzez-artedzialanie-inspirujace-spotkania-w-ramach-poznanskich-dni-rodziny-2020\/\">WZRASTANIE POPRZEZ ARTEDZIA\u0141ANIE \u2013 inspiruj\u0105ce spotkania w ramach Pozna\u0144skich Dni Rodziny 2020<\/a><\/h3><div class=\"raven-post-excerpt\">Zadanie zak\u0142ada\u0142o wsparcie dzieci i ich rodzic\u00f3w w formie zada\u0144 arteterapeutycznych i spotka\u0144 online z terapeutkami z Motylarni O\u015brodka Terapii<\/div>\t\t\t\t<\/div>\r\n\t\t\t<\/div>\r\n\t\t<\/div>\r\n\t\t\t\t<\/div>\r\n\t\t\t\t\t\t<\/div>\n\t\t\t\t<\/div>\n\t\t\t\t\t<\/div>\n\t\t<\/div>\n\t\t\t\t\t<\/div>\n\t\t<\/section>\n\t\t\t\t<section class=\"elementor-section elementor-top-section elementor-element elementor-element-db8c6e4 elementor-section-full_width elementor-reverse-mobile elementor-section-height-default elementor-section-height-default\" data-id=\"db8c6e4\" data-element_type=\"section\" data-settings=\"{&quot;background_background&quot;:&quot;classic&quot;}\">\n\t\t\t\t\t\t<div class=\"elementor-container elementor-column-gap-no\">\n\t\t\t\t\t<div class=\"elementor-column elementor-col-50 elementor-top-column elementor-element elementor-element-8811f1f\" data-id=\"8811f1f\" data-element_type=\"column\">\n\t\t\t<div class=\"elementor-widget-wrap elementor-element-populated\">\n\t\t\t\t\t\t<div class=\"elementor-element elementor-element-eaaa87c elementor-widget elementor-widget-heading\" data-id=\"eaaa87c\" data-element_type=\"widget\" data-widget_type=\"heading.default\">\n\t\t\t\t<div class=\"elementor-widget-container\">\n\t\t\t\t\t<h2 class=\"elementor-heading-title elementor-size-default\">O FUNDACJI<\/h2>\t\t\t\t<\/div>\n\t\t\t\t<\/div>\n\t\t\t\t<div class=\"elementor-element elementor-element-9d0fe6f elementor-widget elementor-widget-text-editor\" data-id=\"9d0fe6f\" data-element_type=\"widget\" data-widget_type=\"text-editor.default\">\n\t\t\t\t<div class=\"elementor-widget-container\">\n\t\t\t\t\t\t\t\t\tMisj\u0105 Fundacji Rozwoju MOTYLARNIA jest pozytywne oddzia\u0142ywanie na rozw\u00f3j dzieci, os\u00f3b doros\u0142ych oraz spo\u0142eczno\u015bci, w kt\u00f3rej \u017cyjemy.\t\t\t\t\t\t\t\t<\/div>\n\t\t\t\t<\/div>\n\t\t\t\t<div class=\"elementor-element elementor-element-71dabe4 elementor-widget elementor-widget-raven-counter\" data-id=\"71dabe4\" data-element_type=\"widget\" data-widget_type=\"raven-counter.default\">\n\t\t\t\t<div class=\"elementor-widget-container\">\n\t\t\t\t\t\t\t<div class=\"raven-counter-list raven-flex raven-flex-wrap raven-flex-between raven-flex-middle\">\r\n\t\t\t\t\t\t\t<div class=\"raven-counter-item\">\r\n\t\t\t\t\t<div class=\"raven-counter-icon\">\r\n\t\t\t\t\t\r\n\t\t\t\t\t<\/div>\r\n\t\t\t\t\t<div class=\"raven-counter-number-wrapper\">\r\n\t\t\t\t\t\t<span class=\"raven-counter-number-prefix\"><\/span>\r\n\t\t\t\t\t\t<span class=\"raven-counter-number\" data-raven-counter=\"\" data-duration=\"2000\" data-to-value=\"24\" data-delimiter=\",\">0<\/span>\r\n\t\t\t\t\t\t<span class=\"raven-counter-number-suffix\">+<\/span>\r\n\t\t\t\t\t<\/div>\r\n\t\t\t\t\t\t\t\t\t\t\t<div class=\"raven-counter-title\">Zrealizowanych projekt\u00f3w<\/div>\r\n\t\t\t\t\t\t\t\t\t<\/div>\r\n\t\t\t\t\t<\/div>\r\n\t\t\t\t\t\t<\/div>\n\t\t\t\t<\/div>\n\t\t\t\t<div class=\"elementor-element elementor-element-c2f5783 elementor-mobile-align-center elementor-widget elementor-widget-raven-button\" data-id=\"c2f5783\" data-element_type=\"widget\" data-settings=\"{&quot;turn_to_popup_action_button&quot;:&quot;no&quot;}\" data-widget_type=\"raven-button.default\">\n\t\t\t\t<div class=\"elementor-widget-container\">\n\t\t\t\t\t\t\t<div class=\"raven-widget-wrapper\">\r\n\t\t\t<a class=\"raven-button raven-button-widget-normal-effect-none  raven-button-text-align-center raven-button-link elementor-animation-none\" href=\"https:\/\/motylarnia.org\/index.php\/fundacja\/\">\t\t\t\t<div class=\"raven-button-overlay\" ><\/div>\r\n\t\t\t\t<span class=\"raven-button-content\">\r\n\t\t\t\t\t\r\n\t\t\t\t\t<div class=\"button-text-container\">\r\n\t\t\t\t\t\t\t\t\t\t\t\t<div class=\"raven-button-texts-wrapper\">\r\n\t\t\t\t\t\t\t<div class=\"button-text\">\r\n\t\t\t\t\t\t\t\t<span class=\"raven-button-text\">\r\n\t\t\t\t\t\t\t\t\tWI\u0118CEJ\t\t\t\t\t\t\t\t<\/span>\r\n\t\t\t\t\t\t\t<\/div>\r\n\t\t\t\t\t\t\t\t\t\t\t\t\t<\/div>\r\n\t\t\t\t\t\t\t\t\t\t\t<\/div>\r\n\t\t\t\t\t\r\n\t\t\t\t\t\t\t\t\t<\/span>\r\n\t\t\t<\/a>\t\t<\/div>\r\n\t\t\t\t\t\t<\/div>\n\t\t\t\t<\/div>\n\t\t\t\t\t<\/div>\n\t\t<\/div>\n\t\t\t\t<div class=\"elementor-column elementor-col-50 elementor-top-column elementor-element elementor-element-7973b6b\" data-id=\"7973b6b\" data-element_type=\"column\">\n\t\t\t<div class=\"elementor-widget-wrap elementor-element-populated\">\n\t\t\t\t\t\t<div class=\"elementor-element elementor-element-a55682a elementor-widget elementor-widget-raven-image\" data-id=\"a55682a\" data-element_type=\"widget\" data-widget_type=\"raven-image.default\">\n\t\t\t\t<div class=\"elementor-widget-container\">\n\t\t\t\t\t\t\t<div class=\"raven-image\">\r\n\t\t\r\n\t\t\r\n\t\t<img decoding=\"async\" width=\"1024\" height=\"1024\" src=\"https:\/\/motylarnia.org\/wp-content\/uploads\/2020\/12\/motyl-1024x1024.png\" class=\"attachment-large size-large wp-image-661\" alt=\"\" srcset=\"https:\/\/motylarnia.org\/wp-content\/uploads\/2020\/12\/motyl-1024x1024.png 1024w, https:\/\/motylarnia.org\/wp-content\/uploads\/2020\/12\/motyl-300x300.png 300w, https:\/\/motylarnia.org\/wp-content\/uploads\/2020\/12\/motyl-150x150.png 150w, https:\/\/motylarnia.org\/wp-content\/uploads\/2020\/12\/motyl-768x768.png 768w, https:\/\/motylarnia.org\/wp-content\/uploads\/2020\/12\/motyl-500x500.png 500w, https:\/\/motylarnia.org\/wp-content\/uploads\/2020\/12\/motyl.png 1080w\" sizes=\"(max-width: 1024px) 100vw, 1024px\" \/>\t\t<\/div>\r\n\t\t\t\t\t\t<\/div>\n\t\t\t\t<\/div>\n\t\t\t\t\t<\/div>\n\t\t<\/div>\n\t\t\t\t\t<\/div>\n\t\t<\/section>\n\t\t\t\t<section class=\"elementor-section elementor-top-section elementor-element elementor-element-26e8064 elementor-section-boxed elementor-section-height-default elementor-section-height-default\" data-id=\"26e8064\" data-element_type=\"section\">\n\t\t\t\t\t\t<div class=\"elementor-container elementor-column-gap-no\">\n\t\t\t\t\t<div class=\"elementor-column elementor-col-100 elementor-top-column elementor-element elementor-element-2de6a64\" data-id=\"2de6a64\" data-element_type=\"column\">\n\t\t\t<div class=\"elementor-widget-wrap elementor-element-populated\">\n\t\t\t\t\t\t<div class=\"elementor-element elementor-element-817ef71 elementor-widget elementor-widget-heading\" data-id=\"817ef71\" data-element_type=\"widget\" data-widget_type=\"heading.default\">\n\t\t\t\t<div class=\"elementor-widget-container\">\n\t\t\t\t\t<h3 class=\"elementor-heading-title elementor-size-default\">Gdyby ludzie od jaskiniowej epoki robili tylko to, co wygl\u0105da\u0142o na mo\u017cliwe, do dzisiaj siedzieliby w jaskiniach.<\/h3>\t\t\t\t<\/div>\n\t\t\t\t<\/div>\n\t\t\t\t<div class=\"elementor-element elementor-element-d84474e elementor-widget-divider--view-line elementor-widget elementor-widget-divider\" data-id=\"d84474e\" data-element_type=\"widget\" data-widget_type=\"divider.default\">\n\t\t\t\t<div class=\"elementor-widget-container\">\n\t\t\t\t\t\t\t<div class=\"elementor-divider\">\n\t\t\t<span class=\"elementor-divider-separator\">\n\t\t\t\t\t\t<\/span>\n\t\t<\/div>\n\t\t\t\t\t\t<\/div>\n\t\t\t\t<\/div>\n\t\t\t\t<div class=\"elementor-element elementor-element-db3f950 elementor-widget elementor-widget-text-editor\" data-id=\"db3f950\" data-element_type=\"widget\" data-widget_type=\"text-editor.default\">\n\t\t\t\t<div class=\"elementor-widget-container\">\n\t\t\t\t\t\t\t\t\t<p>Stanis\u0142aw Lem<\/p>\t\t\t\t\t\t\t\t<\/div>\n\t\t\t\t<\/div>\n\t\t\t\t<div class=\"elementor-element elementor-element-193f9d4 elementor-widget elementor-widget-spacer\" data-id=\"193f9d4\" data-element_type=\"widget\" data-widget_type=\"spacer.default\">\n\t\t\t\t<div class=\"elementor-widget-container\">\n\t\t\t\t\t\t\t<div class=\"elementor-spacer\">\n\t\t\t<div class=\"elementor-spacer-inner\"><\/div>\n\t\t<\/div>\n\t\t\t\t\t\t<\/div>\n\t\t\t\t<\/div>\n\t\t\t\t\t<\/div>\n\t\t<\/div>\n\t\t\t\t\t<\/div>\n\t\t<\/section>\n\t\t\t\t<section class=\"elementor-section elementor-top-section elementor-element elementor-element-360118e elementor-section-full_width elementor-section-height-default elementor-section-height-default\" data-id=\"360118e\" data-element_type=\"section\">\n\t\t\t\t\t\t<div class=\"elementor-container elementor-column-gap-no\">\n\t\t\t\t\t<div class=\"elementor-column elementor-col-100 elementor-top-column elementor-element elementor-element-42efbfb\" data-id=\"42efbfb\" data-element_type=\"column\">\n\t\t\t<div class=\"elementor-widget-wrap elementor-element-populated\">\n\t\t\t\t\t\t<div class=\"elementor-element elementor-element-7f4a352 elementor-widget-divider--view-line elementor-widget elementor-widget-divider\" data-id=\"7f4a352\" data-element_type=\"widget\" data-widget_type=\"divider.default\">\n\t\t\t\t<div class=\"elementor-widget-container\">\n\t\t\t\t\t\t\t<div class=\"elementor-divider\">\n\t\t\t<span class=\"elementor-divider-separator\">\n\t\t\t\t\t\t<\/span>\n\t\t<\/div>\n\t\t\t\t\t\t<\/div>\n\t\t\t\t<\/div>\n\t\t\t\t<div class=\"elementor-element elementor-element-60bfce8 elementor-widget elementor-widget-heading\" data-id=\"60bfce8\" data-element_type=\"widget\" data-widget_type=\"heading.default\">\n\t\t\t\t<div class=\"elementor-widget-container\">\n\t\t\t\t\t<h2 class=\"elementor-heading-title elementor-size-default\">WSPARLI NAS<\/h2>\t\t\t\t<\/div>\n\t\t\t\t<\/div>\n\t\t\t\t<div class=\"elementor-element elementor-element-44fee86 elementor-widget elementor-widget-spacer\" data-id=\"44fee86\" data-element_type=\"widget\" data-widget_type=\"spacer.default\">\n\t\t\t\t<div class=\"elementor-widget-container\">\n\t\t\t\t\t\t\t<div class=\"elementor-spacer\">\n\t\t\t<div class=\"elementor-spacer-inner\"><\/div>\n\t\t<\/div>\n\t\t\t\t\t\t<\/div>\n\t\t\t\t<\/div>\n\t\t\t\t<div class=\"elementor-element elementor-element-755277a elementor-widget elementor-widget-text-editor\" data-id=\"755277a\" data-element_type=\"widget\" data-widget_type=\"text-editor.default\">\n\t\t\t\t<div class=\"elementor-widget-container\">\n\t\t\t\t\t\t\t\t\t<p>Wsparcie finansowe na realizacj\u0119 projekt\u00f3w:<\/p>\t\t\t\t\t\t\t\t<\/div>\n\t\t\t\t<\/div>\n\t\t\t\t<div class=\"elementor-element elementor-element-81fc161 elementor-pagination-position-outside elementor-widget elementor-widget-image-carousel\" data-id=\"81fc161\" data-element_type=\"widget\" data-settings=\"{&quot;slides_to_show&quot;:&quot;4&quot;,&quot;slides_to_scroll&quot;:&quot;1&quot;,&quot;navigation&quot;:&quot;dots&quot;,&quot;autoplay&quot;:&quot;no&quot;,&quot;infinite&quot;:&quot;no&quot;,&quot;speed&quot;:500}\" data-widget_type=\"image-carousel.default\">\n\t\t\t\t<div class=\"elementor-widget-container\">\n\t\t\t\t\t\t\t<div class=\"elementor-image-carousel-wrapper swiper\" role=\"region\" aria-roledescription=\"carousel\" aria-label=\"Image Carousel\" dir=\"ltr\">\n\t\t\t<div class=\"elementor-image-carousel swiper-wrapper\" aria-live=\"polite\">\n\t\t\t\t\t\t\t\t<div class=\"swiper-slide\" role=\"group\" aria-roledescription=\"slide\" aria-label=\"1 of 4\"><figure class=\"swiper-slide-inner\"><img decoding=\"async\" class=\"swiper-slide-image\" src=\"https:\/\/motylarnia.org\/wp-content\/uploads\/2020\/12\/wojewoda.png\" alt=\"\" \/><\/figure><\/div><div class=\"swiper-slide\" role=\"group\" aria-roledescription=\"slide\" aria-label=\"2 of 4\"><figure class=\"swiper-slide-inner\"><img decoding=\"async\" class=\"swiper-slide-image\" src=\"https:\/\/motylarnia.org\/wp-content\/uploads\/2020\/12\/poznan-1.png\" alt=\"poznan\" \/><\/figure><\/div><div class=\"swiper-slide\" role=\"group\" aria-roledescription=\"slide\" aria-label=\"3 of 4\"><figure class=\"swiper-slide-inner\"><img decoding=\"async\" class=\"swiper-slide-image\" src=\"https:\/\/motylarnia.org\/wp-content\/uploads\/2020\/12\/marszalkowo.png\" alt=\"\" \/><\/figure><\/div><div class=\"swiper-slide\" role=\"group\" aria-roledescription=\"slide\" aria-label=\"4 of 4\"><figure class=\"swiper-slide-inner\"><img decoding=\"async\" class=\"swiper-slide-image\" src=\"https:\/\/motylarnia.org\/wp-content\/uploads\/2020\/12\/fio.png\" alt=\"\" \/><\/figure><\/div>\t\t\t<\/div>\n\t\t\t\t\t\t\t\n\t\t\t\t\t\t\t\t\t<div class=\"swiper-pagination\"><\/div>\n\t\t\t\t\t\t\t\t\t<\/div>\n\t\t\t\t\t\t<\/div>\n\t\t\t\t<\/div>\n\t\t\t\t<div class=\"elementor-element elementor-element-b6eff45 elementor-widget elementor-widget-text-editor\" data-id=\"b6eff45\" data-element_type=\"widget\" data-widget_type=\"text-editor.default\">\n\t\t\t\t<div class=\"elementor-widget-container\">\n\t\t\t\t\t\t\t\t\t<p>Darowizny finansowe:<\/p>\t\t\t\t\t\t\t\t<\/div>\n\t\t\t\t<\/div>\n\t\t\t\t<div class=\"elementor-element elementor-element-daf23dd elementor-pagination-position-outside elementor-widget elementor-widget-image-carousel\" data-id=\"daf23dd\" data-element_type=\"widget\" data-settings=\"{&quot;slides_to_show&quot;:&quot;3&quot;,&quot;slides_to_scroll&quot;:&quot;1&quot;,&quot;navigation&quot;:&quot;dots&quot;,&quot;autoplay&quot;:&quot;no&quot;,&quot;infinite&quot;:&quot;no&quot;,&quot;speed&quot;:500}\" data-widget_type=\"image-carousel.default\">\n\t\t\t\t<div class=\"elementor-widget-container\">\n\t\t\t\t\t\t\t<div class=\"elementor-image-carousel-wrapper swiper\" role=\"region\" aria-roledescription=\"carousel\" aria-label=\"Image Carousel\" dir=\"ltr\">\n\t\t\t<div class=\"elementor-image-carousel swiper-wrapper\" aria-live=\"polite\">\n\t\t\t\t\t\t\t\t<div class=\"swiper-slide\" role=\"group\" aria-roledescription=\"slide\" aria-label=\"1 of 3\"><figure class=\"swiper-slide-inner\"><img decoding=\"async\" class=\"swiper-slide-image\" src=\"https:\/\/motylarnia.org\/wp-content\/uploads\/2020\/12\/wawel.png\" alt=\"\" \/><\/figure><\/div><div class=\"swiper-slide\" role=\"group\" aria-roledescription=\"slide\" aria-label=\"2 of 3\"><figure class=\"swiper-slide-inner\"><img decoding=\"async\" class=\"swiper-slide-image\" src=\"https:\/\/motylarnia.org\/wp-content\/uploads\/2020\/12\/wrig.png\" alt=\"\" \/><\/figure><\/div><div class=\"swiper-slide\" role=\"group\" aria-roledescription=\"slide\" aria-label=\"3 of 3\"><figure class=\"swiper-slide-inner\"><img decoding=\"async\" class=\"swiper-slide-image\" src=\"https:\/\/motylarnia.org\/wp-content\/uploads\/2020\/12\/ikea.png\" alt=\"\" \/><\/figure><\/div>\t\t\t<\/div>\n\t\t\t\t\t\t\t\n\t\t\t\t\t\t\t\t\t<div class=\"swiper-pagination\"><\/div>\n\t\t\t\t\t\t\t\t\t<\/div>\n\t\t\t\t\t\t<\/div>\n\t\t\t\t<\/div>\n\t\t\t\t<div class=\"elementor-element elementor-element-9f56ff1 elementor-widget elementor-widget-spacer\" data-id=\"9f56ff1\" data-element_type=\"widget\" data-widget_type=\"spacer.default\">\n\t\t\t\t<div class=\"elementor-widget-container\">\n\t\t\t\t\t\t\t<div class=\"elementor-spacer\">\n\t\t\t<div class=\"elementor-spacer-inner\"><\/div>\n\t\t<\/div>\n\t\t\t\t\t\t<\/div>\n\t\t\t\t<\/div>\n\t\t\t\t\t<\/div>\n\t\t<\/div>\n\t\t\t\t\t<\/div>\n\t\t<\/section>\n\t\t\t\t<\/div>\n\t\t","protected":false},"excerpt":{"rendered":"<p>NAJWI\u0118KSZ\u0104 WARTO\u015aCI\u0104 JEST ROZW\u00d3J AKTUALNE PROJEKTY AKADEMIA R\u00d3WNO\u015aCI I R\u00d3\u017bNORODNO\u015aCI. Cz\u0119\u015b\u0107 I. Cykl szkole\u0144 dla kadry edukacji formalnej i pozaformalnej AKADEMIA R\u00d3WNO\u015aCI I R\u00d3\u017bNORODNO\u015aCI to kompleksowe szkolenie kadry, pracuj\u0105cej z dzie\u0107mi i m\u0142odzie\u017c\u0105 w ramach edukacji formalnej i pozaformalnej w WZRASTANIE POPRZEZ ARTEDZIA\u0141ANIE \u2013 inspiruj\u0105ce spotkania w ramach Pozna\u0144skich Dni Rodziny 2020 Nasz projekt to [&hellip;]<\/p>\n","protected":false},"author":1,"featured_media":0,"parent":0,"menu_order":0,"comment_status":"closed","ping_status":"closed","template":"full-width.php","meta":{"_acf_changed":false,"footnotes":""},"class_list":["post-17","page","type-page","status-publish","hentry"],"acf":[],"_links":{"self":[{"href":"https:\/\/motylarnia.org\/index.php\/wp-json\/wp\/v2\/pages\/17","targetHints":{"allow":["GET"]}}],"collection":[{"href":"https:\/\/motylarnia.org\/index.php\/wp-json\/wp\/v2\/pages"}],"about":[{"href":"https:\/\/motylarnia.org\/index.php\/wp-json\/wp\/v2\/types\/page"}],"author":[{"embeddable":true,"href":"https:\/\/motylarnia.org\/index.php\/wp-json\/wp\/v2\/users\/1"}],"replies":[{"embeddable":true,"href":"https:\/\/motylarnia.org\/index.php\/wp-json\/wp\/v2\/comments?post=17"}],"version-history":[{"count":117,"href":"https:\/\/motylarnia.org\/index.php\/wp-json\/wp\/v2\/pages\/17\/revisions"}],"predecessor-version":[{"id":1434,"href":"https:\/\/motylarnia.org\/index.php\/wp-json\/wp\/v2\/pages\/17\/revisions\/1434"}],"wp:attachment":[{"href":"https:\/\/motylarnia.org\/index.php\/wp-json\/wp\/v2\/media?parent=17"}],"curies":[{"name":"wp","href":"https:\/\/api.w.org\/{rel}","templated":true}]}}